{"id":12,"date":"2019-08-11T08:22:14","date_gmt":"2019-08-11T08:22:14","guid":{"rendered":"http:\/\/aphasiques44.fr\/?page_id=12"},"modified":"2025-10-18T23:55:14","modified_gmt":"2025-10-18T21:55:14","slug":"pages-2","status":"publish","type":"page","link":"https:\/\/www.aphasiques44.fr\/?page_id=12","title":{"rendered":"Les objectifs"},"content":{"rendered":"\n<pre class=\"wp-block-verse\"><strong> Nos missions<\/strong><br><br><strong>Aider, informer, relier, sensibiliser.<\/strong><br><br>Notre association agit chaque jour pour am\u00e9liorer la vie des personnes aphasiques et de leurs proches.<br>Nous mettons en \u0153uvre des actions concr\u00e8tes pour rompre l\u2019isolement, cr\u00e9er du lien et favoriser l\u2019inclusion.<br><br> <strong><em>Rompre l\u2019isolement<\/em><\/strong><br>\t\u2022\tCr\u00e9er du lien entre les personnes aphasiques.<br>\t\u2022\tFavoriser les rencontres et les \u00e9changes dans un cadre bienveillant.<br>\t\u2022\tProposer des activit\u00e9s conviviales et accessibles \u00e0 tous.<br><br><strong><em> Soutenir les proches aidants<\/em><\/strong><br>\t\u2022\tOffrir un espace d\u2019\u00e9coute, d\u2019entraide et de partage d\u2019exp\u00e9riences.<br>\t\u2022\tAider les familles \u00e0 faire face aux changements provoqu\u00e9s par l\u2019aphasie.<br>\t\u2022\tInformer sur les services disponibles : MDPH, transports adapt\u00e9s, aides \u00e0 domicile, etc.<br><br> <strong><em>Faire conna\u00eetre l\u2019aphasie<\/em><\/strong><br>\t\u2022\tSensibiliser le grand public et les professionnels.<br>\t\u2022\tExpliquer les diff\u00e9rentes formes de l\u2019aphasie et leurs cons\u00e9quences sur la vie quotidienne.<br>\t\u2022\tPromouvoir la pr\u00e9vention et la r\u00e9duction des situations de handicap.<br><br><strong><em>Vivre pleinement malgr\u00e9 l\u2019aphasie<\/em><\/strong><br><br>Parce que l\u2019aphasie n\u2019enl\u00e8ve ni l\u2019intelligence, ni la sensibilit\u00e9, nous d\u00e9fendons l\u2019id\u00e9e qu\u2019il est possible de retrouver une vie riche de relations, de projets et de sens, autrement.<br><\/pre>\n\n\n\n<figure class=\"wp-block-image size-full\"><img loading=\"lazy\" decoding=\"async\" width=\"747\" height=\"524\" src=\"https:\/\/www.aphasiques44.fr\/wp-content\/uploads\/2025\/10\/Capture-decran-.-2022-03-04-a-14.47.33-1.jpeg\" alt=\"\" class=\"wp-image-747\" srcset=\"https:\/\/www.aphasiques44.fr\/wp-content\/uploads\/2025\/10\/Capture-decran-.-2022-03-04-a-14.47.33-1.jpeg 747w, https:\/\/www.aphasiques44.fr\/wp-content\/uploads\/2025\/10\/Capture-decran-.-2022-03-04-a-14.47.33-1-300x210.jpeg 300w\" sizes=\"auto, (max-width: 747px) 100vw, 747px\" \/><\/figure>\n","protected":false},"excerpt":{"rendered":"<p>Nos missionsAider, informer, relier, sensibiliser.Notre association agit chaque jour pour am\u00e9liorer la vie des personnes aphasiques et de leurs proches.Nous mettons en \u0153uvre des actions concr\u00e8tes pour rompre l\u2019isolement, cr\u00e9er &hellip; <a href=\"https:\/\/www.aphasiques44.fr\/?page_id=12\" class=\"more-link\">Lire la suite de <span class=\"screen-reader-text\">Les objectifs<\/span><\/a><\/p>\n","protected":false},"author":1031,"featured_media":0,"parent":0,"menu_order":0,"comment_status":"closed","ping_status":"closed","template":"","meta":{"_price":"","_stock":"","_tribe_ticket_header":"","_tribe_default_ticket_provider":"","_tribe_ticket_capacity":"0","_ticket_start_date":"","_ticket_end_date":"","_tribe_ticket_show_description":"","_tribe_ticket_show_not_going":false,"_tribe_ticket_use_global_stock":"","_tribe_ticket_global_stock_level":"","_global_stock_mode":"","_global_stock_cap":"","_tribe_rsvp_for_event":"","_tribe_ticket_going_count":"","_tribe_ticket_not_going_count":"","_tribe_tickets_list":"[]","_tribe_ticket_has_attendee_info_fields":false,"footnotes":"","_tec_slr_enabled":"","_tec_slr_layout":""},"class_list":["post-12","page","type-page","status-publish","hentry","no-featured-image"],"ticketed":false,"_links":{"self":[{"href":"https:\/\/www.aphasiques44.fr\/index.php?rest_route=\/wp\/v2\/pages\/12","targetHints":{"allow":["GET"]}}],"collection":[{"href":"https:\/\/www.aphasiques44.fr\/index.php?rest_route=\/wp\/v2\/pages"}],"about":[{"href":"https:\/\/www.aphasiques44.fr\/index.php?rest_route=\/wp\/v2\/types\/page"}],"author":[{"embeddable":true,"href":"https:\/\/www.aphasiques44.fr\/index.php?rest_route=\/wp\/v2\/users\/1031"}],"replies":[{"embeddable":true,"href":"https:\/\/www.aphasiques44.fr\/index.php?rest_route=%2Fwp%2Fv2%2Fcomments&post=12"}],"version-history":[{"count":13,"href":"https:\/\/www.aphasiques44.fr\/index.php?rest_route=\/wp\/v2\/pages\/12\/revisions"}],"predecessor-version":[{"id":961,"href":"https:\/\/www.aphasiques44.fr\/index.php?rest_route=\/wp\/v2\/pages\/12\/revisions\/961"}],"wp:attachment":[{"href":"https:\/\/www.aphasiques44.fr\/index.php?rest_route=%2Fwp%2Fv2%2Fmedia&parent=12"}],"curies":[{"name":"wp","href":"https:\/\/api.w.org\/{rel}","templated":true}]}}