{"id":2,"date":"2016-05-10T03:48:21","date_gmt":"2016-05-10T03:48:21","guid":{"rendered":"http:\/\/aphasiques44.fr\/?page_id=2"},"modified":"2025-10-19T12:32:29","modified_gmt":"2025-10-19T10:32:29","slug":"sample-page","status":"publish","type":"page","link":"https:\/\/www.aphasiques44.fr\/?page_id=2","title":{"rendered":"Pr\u00e9sentation de l&rsquo;association"},"content":{"rendered":"\n<figure class=\"wp-block-image size-large\"><img loading=\"lazy\" decoding=\"async\" width=\"724\" height=\"1024\" src=\"https:\/\/www.aphasiques44.fr\/wp-content\/uploads\/2025\/10\/aphasie44-3-724x1024.png\" alt=\"\" class=\"wp-image-783\" srcset=\"https:\/\/www.aphasiques44.fr\/wp-content\/uploads\/2025\/10\/aphasie44-3-724x1024.png 724w, https:\/\/www.aphasiques44.fr\/wp-content\/uploads\/2025\/10\/aphasie44-3-212x300.png 212w, https:\/\/www.aphasiques44.fr\/wp-content\/uploads\/2025\/10\/aphasie44-3-768x1086.png 768w, https:\/\/www.aphasiques44.fr\/wp-content\/uploads\/2025\/10\/aphasie44-3-1086x1536.png 1086w, https:\/\/www.aphasiques44.fr\/wp-content\/uploads\/2025\/10\/aphasie44-3-1080x1528.png 1080w, https:\/\/www.aphasiques44.fr\/wp-content\/uploads\/2025\/10\/aphasie44-3.png 1414w\" sizes=\"auto, (max-width: 724px) 100vw, 724px\" \/><\/figure>\n\n\n\n<hr class=\"wp-block-separator has-alpha-channel-opacity is-style-wide\"\/>\n\n\n\n<h1 class=\"wp-block-heading has-text-align-center\"><strong>ASSOCIATION APHASIQUES 44<\/strong><\/h1>\n\n\n\n<pre class=\"wp-block-verse has-text-align-center\">en abr\u00e9g\u00e9  <strong>APHA 44<\/strong><\/pre>\n\n\n\n<div class=\"wp-block-buttons alignwide is-content-justification-center is-layout-flex wp-container-core-buttons-is-layout-16018d1d wp-block-buttons-is-layout-flex\">\n<div class=\"wp-block-button is-style-outline is-style-outline--1\"><a class=\"wp-block-button__link wp-element-button\">Si\u00e8ge Social : &nbsp; <\/a><\/div>\n<\/div>\n\n\n\n<div class=\"wp-block-cover alignwide wp-duotone-000000-d6b220fc-2\" style=\"min-height:251px;aspect-ratio:unset;\"><span aria-hidden=\"true\" class=\"wp-block-cover__background has-background-dim\"><\/span><div class=\"wp-block-cover__inner-container is-layout-flow wp-block-cover-is-layout-flow\">\n<div class=\"wp-block-group alignwide\"><div class=\"wp-block-group__inner-container is-layout-constrained wp-block-group-is-layout-constrained\">\n<div class=\"wp-block-group alignwide is-vertical is-content-justification-stretch is-layout-flex wp-container-core-group-is-layout-a42ae012 wp-block-group-is-layout-flex\">\n<div class=\"wp-block-columns is-layout-flex wp-container-core-columns-is-layout-9d6595d7 wp-block-columns-is-layout-flex\">\n<div class=\"wp-block-column is-vertically-aligned-center is-layout-flow wp-block-column-is-layout-flow\" style=\"flex-basis:100%\">\n<h2 class=\"wp-block-heading has-text-align-center\">Chez Clotilde Marteel<\/h2>\n\n\n\n<blockquote class=\"wp-block-quote has-text-align-center is-layout-flow wp-block-quote-is-layout-flow\">\n<pre class=\"wp-block-verse has-text-align-center\">16, rue des Tro\u00e8nes <br>44600 SAINT-NAZAIRE<\/pre>\n<\/blockquote>\n<\/div>\n<\/div>\n<\/div>\n<\/div><\/div>\n<\/div><\/div>\n\n\n\n<pre class=\"wp-block-verse has-text-align-center\"><strong>Cr\u00e9ation en d\u00e9cembre 1997<\/strong><\/pre>\n\n\n\n<pre class=\"wp-block-verse has-text-align-center\"><strong>Association loi 1901<\/strong><\/pre>\n\n\n\n<div class=\"wp-block-columns is-layout-flex wp-container-core-columns-is-layout-9d6595d7 wp-block-columns-is-layout-flex\">\n<div class=\"wp-block-column is-layout-flow wp-block-column-is-layout-flow\"><\/div>\n<\/div>\n\n\n\n<h2 class=\"wp-block-heading has-text-align-center\"><strong>Affili\u00e9e \u00e0 la F\u00e9d\u00e9ration Nationale des Aphasiques de France (FNAF)<\/strong><\/h2>\n\n\n\n<div class=\"wp-block-group\"><div class=\"wp-block-group__inner-container is-layout-constrained wp-block-group-is-layout-constrained\">\n<div class=\"wp-block-columns is-layout-flex wp-container-core-columns-is-layout-9d6595d7 wp-block-columns-is-layout-flex\">\n<div class=\"wp-block-column is-vertically-aligned-center is-layout-flow wp-block-column-is-layout-flow\" style=\"flex-basis:100%\"><a class=\"wp-block-read-more\" href=\"https:\/\/www.aphasiques44.fr\/?page_id=2\" target=\"_self\">aphasie.fr<span class=\"screen-reader-text\">\u00a0: Pr\u00e9sentation de l&rsquo;association<\/span><\/a><\/div>\n<\/div>\n<\/div><\/div>\n","protected":false},"excerpt":{"rendered":"<p>ASSOCIATION APHASIQUES 44 en abr\u00e9g\u00e9 APHA 44 Cr\u00e9ation en d\u00e9cembre 1997 Association loi 1901 Affili\u00e9e \u00e0 la F\u00e9d\u00e9ration Nationale des Aphasiques de France (FNAF)<\/p>\n","protected":false},"author":1031,"featured_media":0,"parent":0,"menu_order":0,"comment_status":"closed","ping_status":"closed","template":"","meta":{"_price":"","_stock":"","_tribe_ticket_header":"","_tribe_default_ticket_provider":"","_tribe_ticket_capacity":"0","_ticket_start_date":"","_ticket_end_date":"","_tribe_ticket_show_description":"","_tribe_ticket_show_not_going":false,"_tribe_ticket_use_global_stock":"","_tribe_ticket_global_stock_level":"","_global_stock_mode":"","_global_stock_cap":"","_tribe_rsvp_for_event":"","_tribe_ticket_going_count":"","_tribe_ticket_not_going_count":"","_tribe_tickets_list":"[]","_tribe_ticket_has_attendee_info_fields":false,"footnotes":"","_tec_slr_enabled":"","_tec_slr_layout":""},"class_list":["post-2","page","type-page","status-publish","hentry","no-featured-image"],"ticketed":false,"_links":{"self":[{"href":"https:\/\/www.aphasiques44.fr\/index.php?rest_route=\/wp\/v2\/pages\/2","targetHints":{"allow":["GET"]}}],"collection":[{"href":"https:\/\/www.aphasiques44.fr\/index.php?rest_route=\/wp\/v2\/pages"}],"about":[{"href":"https:\/\/www.aphasiques44.fr\/index.php?rest_route=\/wp\/v2\/types\/page"}],"author":[{"embeddable":true,"href":"https:\/\/www.aphasiques44.fr\/index.php?rest_route=\/wp\/v2\/users\/1031"}],"replies":[{"embeddable":true,"href":"https:\/\/www.aphasiques44.fr\/index.php?rest_route=%2Fwp%2Fv2%2Fcomments&post=2"}],"version-history":[{"count":28,"href":"https:\/\/www.aphasiques44.fr\/index.php?rest_route=\/wp\/v2\/pages\/2\/revisions"}],"predecessor-version":[{"id":990,"href":"https:\/\/www.aphasiques44.fr\/index.php?rest_route=\/wp\/v2\/pages\/2\/revisions\/990"}],"wp:attachment":[{"href":"https:\/\/www.aphasiques44.fr\/index.php?rest_route=%2Fwp%2Fv2%2Fmedia&parent=2"}],"curies":[{"name":"wp","href":"https:\/\/api.w.org\/{rel}","templated":true}]}}