{"id":51,"date":"2019-08-15T06:10:26","date_gmt":"2019-08-15T06:10:26","guid":{"rendered":"http:\/\/aphasiques44.fr\/?page_id=51"},"modified":"2025-10-18T21:37:42","modified_gmt":"2025-10-18T19:37:42","slug":"les-actions","status":"publish","type":"page","link":"https:\/\/www.aphasiques44.fr\/?page_id=51","title":{"rendered":"Les actions"},"content":{"rendered":"\n<pre class=\"wp-block-verse\">Les actions de l\u2019association sont essentiellement orient\u00e9es vers le bien \u00eatre des personnes aphasiques et de leurs aidants. <\/pre>\n\n\n\n<blockquote class=\"wp-block-quote is-layout-flow wp-block-quote-is-layout-flow\">\n<h5 class=\"wp-block-heading\"><br><em><strong>Ce que nous proposons<\/strong> <strong>:<\/strong><\/em><br><br>&#8211; Des rencontres toutes les semaines,<br>&#8211; Un restaurant facultatif,<br>&#8211; Organisation d&rsquo;\u00e9v\u00e9nements pour sensibiliser \u00e0 l&rsquo;aphasie,<br>&#8211; D\u00e9fendre nos droits.<\/h5>\n<\/blockquote>\n\n\n\n<ul class=\"wp-block-list\"><\/ul>\n\n\n\n<pre class=\"wp-block-verse\">Notre association n\u2019intervient pas pour les actions th\u00e9rapeutiques et recommande de<br>solliciter les sp\u00e9cialistes concern\u00e9s.<\/pre>\n\n\n\n<h3 class=\"wp-block-heading has-text-align-center\">Venez nous rencontrer, vous n&rsquo;\u00eates pas seuls !<\/h3>\n\n\n<div class=\"wp-block-image\">\n<figure class=\"aligncenter size-large\"><img loading=\"lazy\" decoding=\"async\" width=\"1024\" height=\"768\" src=\"https:\/\/www.aphasiques44.fr\/wp-content\/uploads\/2025\/10\/PHOTO-2024-09-07-16-31-56-1024x768.jpg\" alt=\"\" class=\"wp-image-755\" srcset=\"https:\/\/www.aphasiques44.fr\/wp-content\/uploads\/2025\/10\/PHOTO-2024-09-07-16-31-56-1024x768.jpg 1024w, https:\/\/www.aphasiques44.fr\/wp-content\/uploads\/2025\/10\/PHOTO-2024-09-07-16-31-56-300x225.jpg 300w, https:\/\/www.aphasiques44.fr\/wp-content\/uploads\/2025\/10\/PHOTO-2024-09-07-16-31-56-768x576.jpg 768w, https:\/\/www.aphasiques44.fr\/wp-content\/uploads\/2025\/10\/PHOTO-2024-09-07-16-31-56-1536x1152.jpg 1536w, https:\/\/www.aphasiques44.fr\/wp-content\/uploads\/2025\/10\/PHOTO-2024-09-07-16-31-56-1080x810.jpg 1080w, https:\/\/www.aphasiques44.fr\/wp-content\/uploads\/2025\/10\/PHOTO-2024-09-07-16-31-56.jpg 1600w\" sizes=\"auto, (max-width: 1024px) 100vw, 1024px\" \/><figcaption class=\"wp-element-caption\"><em>Forum de la vie associative de Saint-Nazaire <\/em><\/figcaption><\/figure>\n<\/div>\n\n\n<figure class=\"wp-block-gallery has-nested-images columns-default is-cropped wp-block-gallery-1 is-layout-flex wp-block-gallery-is-layout-flex\">\n<figure class=\"wp-block-image size-large\"><img loading=\"lazy\" decoding=\"async\" width=\"595\" height=\"842\" data-id=\"753\" src=\"https:\/\/www.aphasiques44.fr\/wp-content\/uploads\/2025\/10\/affiche-de-permanence-2025-2026.jpg\" alt=\"\" class=\"wp-image-753\" srcset=\"https:\/\/www.aphasiques44.fr\/wp-content\/uploads\/2025\/10\/affiche-de-permanence-2025-2026.jpg 595w, https:\/\/www.aphasiques44.fr\/wp-content\/uploads\/2025\/10\/affiche-de-permanence-2025-2026-212x300.jpg 212w\" sizes=\"auto, (max-width: 595px) 100vw, 595px\" \/><figcaption class=\"wp-element-caption\">Permanences au Centre MPR de Saint-Nazaire<\/figcaption><\/figure>\n\n\n<div class=\"wp-block-image is-style-default\">\n<figure class=\"aligncenter size-large\"><img loading=\"lazy\" decoding=\"async\" width=\"1024\" height=\"768\" data-id=\"877\" src=\"https:\/\/www.aphasiques44.fr\/wp-content\/uploads\/2025\/10\/8bb6fae0-0b7a-46e2-8434-155b121face4-1024x768.jpeg\" alt=\"\" class=\"wp-image-877\" srcset=\"https:\/\/www.aphasiques44.fr\/wp-content\/uploads\/2025\/10\/8bb6fae0-0b7a-46e2-8434-155b121face4-1024x768.jpeg 1024w, https:\/\/www.aphasiques44.fr\/wp-content\/uploads\/2025\/10\/8bb6fae0-0b7a-46e2-8434-155b121face4-300x225.jpeg 300w, https:\/\/www.aphasiques44.fr\/wp-content\/uploads\/2025\/10\/8bb6fae0-0b7a-46e2-8434-155b121face4-768x576.jpeg 768w, https:\/\/www.aphasiques44.fr\/wp-content\/uploads\/2025\/10\/8bb6fae0-0b7a-46e2-8434-155b121face4-1536x1152.jpeg 1536w, https:\/\/www.aphasiques44.fr\/wp-content\/uploads\/2025\/10\/8bb6fae0-0b7a-46e2-8434-155b121face4-1080x810.jpeg 1080w, https:\/\/www.aphasiques44.fr\/wp-content\/uploads\/2025\/10\/8bb6fae0-0b7a-46e2-8434-155b121face4.jpeg 1600w\" sizes=\"auto, (max-width: 1024px) 100vw, 1024px\" \/><figcaption class=\"wp-element-caption\">La travers\u00e9e de la baie \u00e0 Pornic<\/figcaption><\/figure>\n<\/div>\n\n\n<figure class=\"wp-block-image alignfull size-large\"><img loading=\"lazy\" decoding=\"async\" width=\"1024\" height=\"768\" data-id=\"903\" src=\"https:\/\/www.aphasiques44.fr\/wp-content\/uploads\/2025\/10\/IMG_4431-1024x768.jpeg\" alt=\"\" class=\"wp-image-903\" srcset=\"https:\/\/www.aphasiques44.fr\/wp-content\/uploads\/2025\/10\/IMG_4431-1024x768.jpeg 1024w, https:\/\/www.aphasiques44.fr\/wp-content\/uploads\/2025\/10\/IMG_4431-300x225.jpeg 300w, https:\/\/www.aphasiques44.fr\/wp-content\/uploads\/2025\/10\/IMG_4431-768x576.jpeg 768w, https:\/\/www.aphasiques44.fr\/wp-content\/uploads\/2025\/10\/IMG_4431-1536x1152.jpeg 1536w, https:\/\/www.aphasiques44.fr\/wp-content\/uploads\/2025\/10\/IMG_4431-2048x1536.jpeg 2048w, https:\/\/www.aphasiques44.fr\/wp-content\/uploads\/2025\/10\/IMG_4431-1080x810.jpeg 1080w\" sizes=\"auto, (max-width: 1024px) 100vw, 1024px\" \/><\/figure>\n\n\n\n<figure class=\"wp-block-image size-large\"><img loading=\"lazy\" decoding=\"async\" width=\"1024\" height=\"683\" data-id=\"899\" src=\"https:\/\/www.aphasiques44.fr\/wp-content\/uploads\/2025\/10\/PHOTO-2025-03-22-22-09-33-1024x683.jpg\" alt=\"\" class=\"wp-image-899\" srcset=\"https:\/\/www.aphasiques44.fr\/wp-content\/uploads\/2025\/10\/PHOTO-2025-03-22-22-09-33-1024x683.jpg 1024w, https:\/\/www.aphasiques44.fr\/wp-content\/uploads\/2025\/10\/PHOTO-2025-03-22-22-09-33-300x200.jpg 300w, https:\/\/www.aphasiques44.fr\/wp-content\/uploads\/2025\/10\/PHOTO-2025-03-22-22-09-33-768x512.jpg 768w, https:\/\/www.aphasiques44.fr\/wp-content\/uploads\/2025\/10\/PHOTO-2025-03-22-22-09-33-1536x1024.jpg 1536w, https:\/\/www.aphasiques44.fr\/wp-content\/uploads\/2025\/10\/PHOTO-2025-03-22-22-09-33-1080x720.jpg 1080w, https:\/\/www.aphasiques44.fr\/wp-content\/uploads\/2025\/10\/PHOTO-2025-03-22-22-09-33.jpg 1600w\" sizes=\"auto, (max-width: 1024px) 100vw, 1024px\" \/><figcaption class=\"wp-element-caption\">6h de nage \u00e0 Bouguenais pour soutenir \u00ab\u00a0Ensemble contre l&rsquo;AVC\u00a0\u00bb<\/figcaption><\/figure>\n\n\n\n<figure class=\"wp-block-image size-large\"><img loading=\"lazy\" decoding=\"async\" width=\"819\" height=\"1024\" data-id=\"902\" src=\"https:\/\/www.aphasiques44.fr\/wp-content\/uploads\/2025\/10\/Affiche-du-defi-de-la-Baie-derniere-version-2024-jpg-819x1024.jpeg\" alt=\"\" class=\"wp-image-902\" srcset=\"https:\/\/www.aphasiques44.fr\/wp-content\/uploads\/2025\/10\/Affiche-du-defi-de-la-Baie-derniere-version-2024-jpg-819x1024.jpeg 819w, https:\/\/www.aphasiques44.fr\/wp-content\/uploads\/2025\/10\/Affiche-du-defi-de-la-Baie-derniere-version-2024-jpg-240x300.jpeg 240w, https:\/\/www.aphasiques44.fr\/wp-content\/uploads\/2025\/10\/Affiche-du-defi-de-la-Baie-derniere-version-2024-jpg-768x960.jpeg 768w, https:\/\/www.aphasiques44.fr\/wp-content\/uploads\/2025\/10\/Affiche-du-defi-de-la-Baie-derniere-version-2024-jpg.jpeg 1080w\" sizes=\"auto, (max-width: 819px) 100vw, 819px\" \/><\/figure>\n<\/figure>\n\n\n<div class=\"wp-block-image\">\n<figure class=\"aligncenter size-full\"><img loading=\"lazy\" decoding=\"async\" width=\"1442\" height=\"842\" src=\"https:\/\/www.aphasiques44.fr\/wp-content\/uploads\/2025\/10\/Capture-decran-2025-02-01-a-15.59.30.png\" alt=\"\" class=\"wp-image-760\" srcset=\"https:\/\/www.aphasiques44.fr\/wp-content\/uploads\/2025\/10\/Capture-decran-2025-02-01-a-15.59.30.png 1442w, https:\/\/www.aphasiques44.fr\/wp-content\/uploads\/2025\/10\/Capture-decran-2025-02-01-a-15.59.30-300x175.png 300w, https:\/\/www.aphasiques44.fr\/wp-content\/uploads\/2025\/10\/Capture-decran-2025-02-01-a-15.59.30-1024x598.png 1024w, https:\/\/www.aphasiques44.fr\/wp-content\/uploads\/2025\/10\/Capture-decran-2025-02-01-a-15.59.30-768x448.png 768w, https:\/\/www.aphasiques44.fr\/wp-content\/uploads\/2025\/10\/Capture-decran-2025-02-01-a-15.59.30-1080x631.png 1080w\" sizes=\"auto, (max-width: 1442px) 100vw, 1442px\" \/><figcaption class=\"wp-element-caption\">Session de sensibilisation sur l&rsquo;aphasie en ligne (visioconf\u00e9rence)<\/figcaption><\/figure>\n<\/div>\n\n<div class=\"wp-block-image\">\n<figure class=\"aligncenter size-full\"><img loading=\"lazy\" decoding=\"async\" width=\"2560\" height=\"1920\" src=\"https:\/\/www.aphasiques44.fr\/wp-content\/uploads\/2025\/10\/IMG_2766-scaled.jpg\" alt=\"\" class=\"wp-image-766\" srcset=\"https:\/\/www.aphasiques44.fr\/wp-content\/uploads\/2025\/10\/IMG_2766-scaled.jpg 2560w, https:\/\/www.aphasiques44.fr\/wp-content\/uploads\/2025\/10\/IMG_2766-300x225.jpg 300w, https:\/\/www.aphasiques44.fr\/wp-content\/uploads\/2025\/10\/IMG_2766-1024x768.jpg 1024w, https:\/\/www.aphasiques44.fr\/wp-content\/uploads\/2025\/10\/IMG_2766-768x576.jpg 768w, https:\/\/www.aphasiques44.fr\/wp-content\/uploads\/2025\/10\/IMG_2766-1536x1152.jpg 1536w, https:\/\/www.aphasiques44.fr\/wp-content\/uploads\/2025\/10\/IMG_2766-2048x1536.jpg 2048w, https:\/\/www.aphasiques44.fr\/wp-content\/uploads\/2025\/10\/IMG_2766-1080x810.jpg 1080w\" sizes=\"auto, (max-width: 2560px) 100vw, 2560px\" \/><figcaption class=\"wp-element-caption\">Journ\u00e9e Europ\u00e9enne pour l&#8217;emploi des personnes handicap\u00e9es (SEEPH) \u00a0\u00bb qui se d\u00e9roulera du lundi 17 au 23 novembre 2025<\/figcaption><\/figure>\n<\/div>\n\n\n<figure class=\"wp-block-image size-full\"><img loading=\"lazy\" decoding=\"async\" width=\"1600\" height=\"1200\" src=\"https:\/\/www.aphasiques44.fr\/wp-content\/uploads\/2025\/10\/2375861f-02fa-4cb8-a950-28bd1dd4a0ca.JPG.jpeg\" alt=\"\" class=\"wp-image-770\" srcset=\"https:\/\/www.aphasiques44.fr\/wp-content\/uploads\/2025\/10\/2375861f-02fa-4cb8-a950-28bd1dd4a0ca.JPG.jpeg 1600w, https:\/\/www.aphasiques44.fr\/wp-content\/uploads\/2025\/10\/2375861f-02fa-4cb8-a950-28bd1dd4a0ca.JPG-300x225.jpeg 300w, https:\/\/www.aphasiques44.fr\/wp-content\/uploads\/2025\/10\/2375861f-02fa-4cb8-a950-28bd1dd4a0ca.JPG-1024x768.jpeg 1024w, https:\/\/www.aphasiques44.fr\/wp-content\/uploads\/2025\/10\/2375861f-02fa-4cb8-a950-28bd1dd4a0ca.JPG-768x576.jpeg 768w, https:\/\/www.aphasiques44.fr\/wp-content\/uploads\/2025\/10\/2375861f-02fa-4cb8-a950-28bd1dd4a0ca.JPG-1536x1152.jpeg 1536w, https:\/\/www.aphasiques44.fr\/wp-content\/uploads\/2025\/10\/2375861f-02fa-4cb8-a950-28bd1dd4a0ca.JPG-1080x810.jpeg 1080w\" sizes=\"auto, (max-width: 1600px) 100vw, 1600px\" \/><figcaption class=\"wp-element-caption\">Sortie printani\u00e8re<\/figcaption><\/figure>\n","protected":false},"excerpt":{"rendered":"<p>Les actions de l\u2019association sont essentiellement orient\u00e9es vers le bien \u00eatre des personnes aphasiques et de leurs aidants. Ce que nous proposons : &#8211; Des rencontres toutes les semaines,&#8211; Un &hellip; <a href=\"https:\/\/www.aphasiques44.fr\/?page_id=51\" class=\"more-link\">Lire la suite de <span class=\"screen-reader-text\">Les actions<\/span><\/a><\/p>\n","protected":false},"author":1031,"featured_media":0,"parent":0,"menu_order":0,"comment_status":"closed","ping_status":"closed","template":"","meta":{"_price":"","_stock":"","_tribe_ticket_header":"","_tribe_default_ticket_provider":"","_tribe_ticket_capacity":"0","_ticket_start_date":"","_ticket_end_date":"","_tribe_ticket_show_description":"","_tribe_ticket_show_not_going":false,"_tribe_ticket_use_global_stock":"","_tribe_ticket_global_stock_level":"","_global_stock_mode":"","_global_stock_cap":"","_tribe_rsvp_for_event":"","_tribe_ticket_going_count":"","_tribe_ticket_not_going_count":"","_tribe_tickets_list":"[]","_tribe_ticket_has_attendee_info_fields":false,"footnotes":"","_tec_slr_enabled":"","_tec_slr_layout":""},"class_list":["post-51","page","type-page","status-publish","hentry","no-featured-image"],"ticketed":false,"_links":{"self":[{"href":"https:\/\/www.aphasiques44.fr\/index.php?rest_route=\/wp\/v2\/pages\/51","targetHints":{"allow":["GET"]}}],"collection":[{"href":"https:\/\/www.aphasiques44.fr\/index.php?rest_route=\/wp\/v2\/pages"}],"about":[{"href":"https:\/\/www.aphasiques44.fr\/index.php?rest_route=\/wp\/v2\/types\/page"}],"author":[{"embeddable":true,"href":"https:\/\/www.aphasiques44.fr\/index.php?rest_route=\/wp\/v2\/users\/1031"}],"replies":[{"embeddable":true,"href":"https:\/\/www.aphasiques44.fr\/index.php?rest_route=%2Fwp%2Fv2%2Fcomments&post=51"}],"version-history":[{"count":15,"href":"https:\/\/www.aphasiques44.fr\/index.php?rest_route=\/wp\/v2\/pages\/51\/revisions"}],"predecessor-version":[{"id":907,"href":"https:\/\/www.aphasiques44.fr\/index.php?rest_route=\/wp\/v2\/pages\/51\/revisions\/907"}],"wp:attachment":[{"href":"https:\/\/www.aphasiques44.fr\/index.php?rest_route=%2Fwp%2Fv2%2Fmedia&parent=51"}],"curies":[{"name":"wp","href":"https:\/\/api.w.org\/{rel}","templated":true}]}}