{"id":510,"date":"2021-02-02T17:10:39","date_gmt":"2021-02-02T16:10:39","guid":{"rendered":"http:\/\/www.aphasiques44.fr\/?page_id=510"},"modified":"2025-10-22T13:49:26","modified_gmt":"2025-10-22T11:49:26","slug":"accueil-statique","status":"publish","type":"page","link":"https:\/\/www.aphasiques44.fr\/","title":{"rendered":""},"content":{"rendered":"\n<h1 class=\"wp-block-heading has-text-align-center\">L&rsquo;APHASIE, c&rsquo;est quoi ?<\/h1>\n\n\n\n<div class=\"wp-block-group\"><div class=\"wp-block-group__inner-container is-layout-constrained wp-block-group-is-layout-constrained\">\n<h2 class=\"wp-block-heading has-text-align-center\">Un trouble du langage caus\u00e9 par un AVC, une l\u00e9sion c\u00e9r\u00e9brale, C&rsquo;EST UN HANDICAP INVISIBLE. <\/h2>\n\n\n\n<blockquote class=\"wp-block-quote has-text-align-center is-layout-flow wp-block-quote-is-layout-flow\">\n<pre class=\"wp-block-verse\"><em>L'aphasie, c'est perdre ses mots, pas son intelligence.<\/em><\/pre>\n<\/blockquote>\n<\/div><\/div>\n\n\n\n<figure class=\"wp-block-embed is-type-video is-provider-youtube wp-block-embed-youtube wp-embed-aspect-16-9 wp-has-aspect-ratio\"><div class=\"wp-block-embed__wrapper\">\n<iframe loading=\"lazy\" title=\"Spot FNAF Aphasie\" width=\"712\" height=\"401\" src=\"https:\/\/www.youtube.com\/embed\/Qsi6WwNq42I?feature=oembed\" frameborder=\"0\" allow=\"accelerometer; autoplay; clipboard-write; encrypted-media; gyroscope; picture-in-picture; web-share\" referrerpolicy=\"strict-origin-when-cross-origin\" allowfullscreen><\/iframe>\n<\/div><\/figure>\n\n\n\n<div class=\"wp-block-group is-vertical is-layout-flex wp-container-core-group-is-layout-76a81b31 wp-block-group-is-layout-flex\">\n<div class=\"wp-block-columns is-layout-flex wp-container-core-columns-is-layout-9d6595d7 wp-block-columns-is-layout-flex\">\n<div class=\"wp-block-column is-layout-flow wp-block-column-is-layout-flow\" style=\"flex-basis:100%\">\n<blockquote class=\"wp-block-quote is-layout-flow wp-block-quote-is-layout-flow\">\n<p><\/p>\n<\/blockquote>\n<\/div>\n<\/div>\n<\/div>\n\n\n\n<h2 class=\"wp-block-heading\"><strong>Nos actions pour sensibiliser aux cons\u00e9quences de l\u2019aphasie<\/strong><\/h2>\n\n\n\n<pre class=\"wp-block-verse\">Nous menons de nombreuses actions pour mieux faire conna\u00eetre l\u2019aphasie et ses r\u00e9percussions sur la vie quotidienne : difficult\u00e9s de communication, isolement, perte d\u2019autonomie ou d\u2019emploi<\/pre>\n\n\n\n<pre class=\"wp-block-verse\">\u00c0 travers des t\u00e9moignages, des conf\u00e9rences, des ateliers, des campagnes de communication et des \u00e9v\u00e9nements sportifs ou culturels, nous faisons entendre la voix des personnes aphasiques et de leurs proches.<\/pre>\n\n\n\n<figure class=\"wp-block-image size-full\"><img loading=\"lazy\" decoding=\"async\" width=\"809\" height=\"777\" src=\"https:\/\/www.aphasiques44.fr\/wp-content\/uploads\/2025\/10\/IMG_5953-1.jpeg\" alt=\"\" class=\"wp-image-951\" srcset=\"https:\/\/www.aphasiques44.fr\/wp-content\/uploads\/2025\/10\/IMG_5953-1.jpeg 809w, https:\/\/www.aphasiques44.fr\/wp-content\/uploads\/2025\/10\/IMG_5953-1-300x288.jpeg 300w, https:\/\/www.aphasiques44.fr\/wp-content\/uploads\/2025\/10\/IMG_5953-1-768x738.jpeg 768w\" sizes=\"auto, (max-width: 809px) 100vw, 809px\" \/><\/figure>\n\n\n\n<h2 class=\"wp-block-heading\"><strong>Sensibiliser, c\u2019est agir !<\/strong><\/h2>\n\n\n\n<pre class=\"wp-block-verse\">\u00c0 travers des conf\u00e9rences, des stands, des \u00e9v\u00e9nements sportifs et des t\u00e9moignages, nous faisons conna\u00eetre les cons\u00e9quences de l\u2019aphasie et soutenons ceux qui en vivent les effets au quotidien.<\/pre>\n\n\n\n<pre class=\"wp-block-verse\">Nous sommes fiers de collaborer avec des partenaires engag\u00e9s comme\u00a0<strong>Ensemble contre l\u2019AVC<\/strong>,\u00a0<strong>France AVC 44<\/strong>, et\u00a0<strong>Swim for the Planet<\/strong>, qui partagent nos valeurs de solidarit\u00e9, de pr\u00e9vention et d\u2019inclusion.<\/pre>\n\n\n\n<pre class=\"wp-block-verse\">Ensemble, nous portons haut la voix des personnes aphasiques !<\/pre>\n\n\n\n<figure class=\"wp-block-image size-full\"><img loading=\"lazy\" decoding=\"async\" width=\"1024\" height=\"681\" src=\"https:\/\/www.aphasiques44.fr\/wp-content\/uploads\/2025\/10\/PHOTO-2023-04-07-21-49-22.jpg\" alt=\"\" class=\"wp-image-940\" srcset=\"https:\/\/www.aphasiques44.fr\/wp-content\/uploads\/2025\/10\/PHOTO-2023-04-07-21-49-22.jpg 1024w, https:\/\/www.aphasiques44.fr\/wp-content\/uploads\/2025\/10\/PHOTO-2023-04-07-21-49-22-300x200.jpg 300w, https:\/\/www.aphasiques44.fr\/wp-content\/uploads\/2025\/10\/PHOTO-2023-04-07-21-49-22-768x511.jpg 768w\" sizes=\"auto, (max-width: 1024px) 100vw, 1024px\" \/><figcaption class=\"wp-element-caption\">La ru\u00e9e contre l&rsquo;AVC &#8211; Loire-Atlantique <\/figcaption><\/figure>\n\n\n\n<h2 class=\"wp-block-heading\"><strong>R\u00e9servez vos dates !<\/strong><\/h2>\n\n\n\n<pre class=\"wp-block-verse\">Le&nbsp;<strong>Congr\u00e8s national de la FNAF<\/strong>&nbsp;aura lieu les&nbsp;<strong>13 et 14 juin 2026 \u00e0 Lyon<\/strong>.<\/pre>\n\n\n\n<pre class=\"wp-block-verse\">Deux journ\u00e9es de rencontres, d\u2019\u00e9changes et de conf\u00e9rences autour de l\u2019aphasie, de la communication et de l\u2019inclusion.<\/pre>\n\n\n\n<pre class=\"wp-block-verse\">Plus d\u2019informations \u00e0 venir prochainement !<\/pre>\n\n\n<div class=\"wp-block-image\">\n<figure class=\"aligncenter size-full\"><img loading=\"lazy\" decoding=\"async\" width=\"638\" height=\"236\" src=\"https:\/\/www.aphasiques44.fr\/wp-content\/uploads\/2025\/10\/Congres-de-la-FNAF-nuit-Lyon-version-A-2.jpg\" alt=\"\" class=\"wp-image-813\" srcset=\"https:\/\/www.aphasiques44.fr\/wp-content\/uploads\/2025\/10\/Congres-de-la-FNAF-nuit-Lyon-version-A-2.jpg 638w, https:\/\/www.aphasiques44.fr\/wp-content\/uploads\/2025\/10\/Congres-de-la-FNAF-nuit-Lyon-version-A-2-300x111.jpg 300w\" sizes=\"auto, (max-width: 638px) 100vw, 638px\" \/><\/figure>\n<\/div>","protected":false},"excerpt":{"rendered":"<p>L&rsquo;APHASIE, c&rsquo;est quoi ? Un trouble du langage caus\u00e9 par un AVC, une l\u00e9sion c\u00e9r\u00e9brale, C&rsquo;EST UN HANDICAP INVISIBLE. L&rsquo;aphasie, c&rsquo;est perdre ses mots, pas son intelligence. Nos actions pour &hellip; <a href=\"https:\/\/www.aphasiques44.fr\/\" class=\"more-link\">Lire la suite de <span class=\"screen-reader-text\"><\/span><\/a><\/p>\n","protected":false},"author":1031,"featured_media":0,"parent":0,"menu_order":0,"comment_status":"closed","ping_status":"closed","template":"","meta":{"_price":"","_stock":"","_tribe_ticket_header":"","_tribe_default_ticket_provider":"","_tribe_ticket_capacity":"0","_ticket_start_date":"","_ticket_end_date":"","_tribe_ticket_show_description":"","_tribe_ticket_show_not_going":false,"_tribe_ticket_use_global_stock":"","_tribe_ticket_global_stock_level":"","_global_stock_mode":"","_global_stock_cap":"","_tribe_rsvp_for_event":"","_tribe_ticket_going_count":"","_tribe_ticket_not_going_count":"","_tribe_tickets_list":"[]","_tribe_ticket_has_attendee_info_fields":false,"footnotes":"","_tec_slr_enabled":"","_tec_slr_layout":""},"class_list":["post-510","page","type-page","status-publish","hentry","no-featured-image"],"ticketed":false,"_links":{"self":[{"href":"https:\/\/www.aphasiques44.fr\/index.php?rest_route=\/wp\/v2\/pages\/510","targetHints":{"allow":["GET"]}}],"collection":[{"href":"https:\/\/www.aphasiques44.fr\/index.php?rest_route=\/wp\/v2\/pages"}],"about":[{"href":"https:\/\/www.aphasiques44.fr\/index.php?rest_route=\/wp\/v2\/types\/page"}],"author":[{"embeddable":true,"href":"https:\/\/www.aphasiques44.fr\/index.php?rest_route=\/wp\/v2\/users\/1031"}],"replies":[{"embeddable":true,"href":"https:\/\/www.aphasiques44.fr\/index.php?rest_route=%2Fwp%2Fv2%2Fcomments&post=510"}],"version-history":[{"count":35,"href":"https:\/\/www.aphasiques44.fr\/index.php?rest_route=\/wp\/v2\/pages\/510\/revisions"}],"predecessor-version":[{"id":1040,"href":"https:\/\/www.aphasiques44.fr\/index.php?rest_route=\/wp\/v2\/pages\/510\/revisions\/1040"}],"wp:attachment":[{"href":"https:\/\/www.aphasiques44.fr\/index.php?rest_route=%2Fwp%2Fv2%2Fmedia&parent=510"}],"curies":[{"name":"wp","href":"https:\/\/api.w.org\/{rel}","templated":true}]}}