{"id":980,"date":"2025-10-19T11:19:14","date_gmt":"2025-10-19T09:19:14","guid":{"rendered":"https:\/\/www.aphasiques44.fr\/?page_id=980"},"modified":"2025-10-19T12:54:15","modified_gmt":"2025-10-19T10:54:15","slug":"adherents","status":"publish","type":"page","link":"https:\/\/www.aphasiques44.fr\/?page_id=980","title":{"rendered":"Adh\u00e9rer"},"content":{"rendered":"\n<h2 class=\"wp-block-heading\"><strong>Comment adh\u00e9rer \u00e0 notre association Aphasiques 44<\/strong><\/h2>\n\n\n\n<pre class=\"wp-block-verse\">Rejoindre&nbsp;<strong>Aphasiques 44<\/strong>, c\u2019est soutenir nos actions et participer \u00e0 une communaut\u00e9 solidaire, engag\u00e9e et vivante !<\/pre>\n\n\n\n<pre class=\"wp-block-verse\">Votre adh\u00e9sion permet de&nbsp;<strong>rompre l\u2019isolement<\/strong>, de&nbsp;<strong>partager des moments conviviaux<\/strong>&nbsp;et de&nbsp;<strong>faire conna\u00eetre l\u2019aphasie<\/strong> aupr\u00e8s du grand public.<\/pre>\n\n\n\n<h3 class=\"wp-block-heading\"><strong>Pourquoi adh\u00e9rer ?<\/strong><\/h3>\n\n\n\n<ul class=\"wp-block-list\">\n<li>Pour&nbsp;<strong>\u00e9changer<\/strong>&nbsp;avec d\u2019autres personnes aphasiques et leurs proches.<\/li>\n\n\n\n<li>Pour&nbsp;<strong>participer<\/strong>&nbsp;\u00e0 nos ateliers, sorties, conf\u00e9rences et \u00e9v\u00e9nements.<\/li>\n\n\n\n<li>Pour&nbsp;<strong>soutenir<\/strong>&nbsp;la sensibilisation \u00e0 l\u2019aphasie dans la Loire-Atlantique.<\/li>\n\n\n\n<li>Pour&nbsp;<strong>recevoir nos informations<\/strong>&nbsp;locales et nationales (via la FNAF).<\/li>\n<\/ul>\n\n\n\n<hr class=\"wp-block-separator has-alpha-channel-opacity\"\/>\n\n\n\n<h3 class=\"wp-block-heading\"><strong>Comment adh\u00e9rer ?<\/strong><\/h3>\n\n\n\n<pre class=\"wp-block-verse\"><strong>En ligne :<\/strong><\/pre>\n\n\n\n<pre class=\"wp-block-verse\">Vous pouvez remplir le&nbsp;<strong>formulaire d\u2019adh\u00e9sion<\/strong>&nbsp;disponible sur notre site ou le demander par mail \u00e0 :<\/pre>\n\n\n\n<pre class=\"wp-block-verse\">contact@aphasiques44.fr<\/pre>\n\n\n\n<pre class=\"wp-block-verse\"><strong>Par courrier :<\/strong><\/pre>\n\n\n\n<pre class=\"wp-block-verse\"><strong>T\u00e9l\u00e9chargez le bulletin d\u2019adh\u00e9sion (PDF)<\/strong>, ci-joint, compl\u00e9tez-le et renvoyez-le accompagn\u00e9 de votre r\u00e8glement \u00e0 :<\/pre>\n\n\n\n<pre class=\"wp-block-verse\"><strong>Aphasiques 44<\/strong><\/pre>\n\n\n\n<pre class=\"wp-block-verse has-text-align-left\"><em>Chez Clotilde Marteel\n16, rue des Tro\u00e8nes \n44600 Saint-Nazaire<\/em><\/pre>\n\n\n\n<hr class=\"wp-block-separator has-alpha-channel-opacity\"\/>\n\n\n\n<h3 class=\"wp-block-heading\"><strong>Cotisation annuelle<\/strong><\/h3>\n\n\n\n<ul class=\"wp-block-list\">\n<li>Personne aphasique :&nbsp;<strong>32 \u20ac<\/strong><\/li>\n\n\n\n<li>Soignant : <strong>32 \u20ac<\/strong><\/li>\n\n\n\n<li>Proche \/ sympathisant :&nbsp;<strong>22 \u20ac<\/strong><\/li>\n<\/ul>\n\n\n\n<hr class=\"wp-block-separator has-alpha-channel-opacity\"\/>\n\n\n\n<h2 class=\"wp-block-heading has-text-align-center\"><strong>Ensemble, faisons entendre la voix des personnes aphasiques !<\/strong><\/h2>\n\n\n\n<div data-wp-interactive=\"core\/file\" class=\"wp-block-file\"><object data-wp-bind--hidden=\"!state.hasPdfPreview\" hidden class=\"wp-block-file__embed\" data=\"https:\/\/www.aphasiques44.fr\/wp-content\/uploads\/2025\/10\/bulletin-adhesion-2025-2026.pdf\" type=\"application\/pdf\" style=\"width:100%;height:600px\" aria-label=\"Contenu embarqu\u00e9 Bulletin d&apos;adh\u00e9sion 2025-2026.\"><\/object><a id=\"wp-block-file--media-dba3bdf4-2954-4e72-99b6-38ce5314f474\" href=\"https:\/\/www.aphasiques44.fr\/wp-content\/uploads\/2025\/10\/bulletin-adhesion-2025-2026.pdf\">Bulletin d&rsquo;adh\u00e9sion 2025-2026<\/a><a href=\"https:\/\/www.aphasiques44.fr\/wp-content\/uploads\/2025\/10\/bulletin-adhesion-2025-2026.pdf\" class=\"wp-block-file__button wp-element-button\" download aria-describedby=\"wp-block-file--media-dba3bdf4-2954-4e72-99b6-38ce5314f474\">T\u00e9l\u00e9charger<\/a><\/div>\n","protected":false},"excerpt":{"rendered":"<p>Comment adh\u00e9rer \u00e0 notre association Aphasiques 44 Rejoindre&nbsp;Aphasiques 44, c\u2019est soutenir nos actions et participer \u00e0 une communaut\u00e9 solidaire, engag\u00e9e et vivante ! Votre adh\u00e9sion permet de&nbsp;rompre l\u2019isolement, de&nbsp;partager des &hellip; <a href=\"https:\/\/www.aphasiques44.fr\/?page_id=980\" class=\"more-link\">Lire la suite de <span class=\"screen-reader-text\">Adh\u00e9rer<\/span><\/a><\/p>\n","protected":false},"author":1034,"featured_media":0,"parent":0,"menu_order":0,"comment_status":"closed","ping_status":"closed","template":"","meta":{"_price":"","_stock":"","_tribe_ticket_header":"","_tribe_default_ticket_provider":"","_tribe_ticket_capacity":"0","_ticket_start_date":"","_ticket_end_date":"","_tribe_ticket_show_description":"","_tribe_ticket_show_not_going":false,"_tribe_ticket_use_global_stock":"","_tribe_ticket_global_stock_level":"","_global_stock_mode":"","_global_stock_cap":"","_tribe_rsvp_for_event":"","_tribe_ticket_going_count":"","_tribe_ticket_not_going_count":"","_tribe_tickets_list":"[]","_tribe_ticket_has_attendee_info_fields":false,"footnotes":"","_tec_slr_enabled":"","_tec_slr_layout":""},"class_list":["post-980","page","type-page","status-publish","hentry","no-featured-image"],"ticketed":false,"_links":{"self":[{"href":"https:\/\/www.aphasiques44.fr\/index.php?rest_route=\/wp\/v2\/pages\/980","targetHints":{"allow":["GET"]}}],"collection":[{"href":"https:\/\/www.aphasiques44.fr\/index.php?rest_route=\/wp\/v2\/pages"}],"about":[{"href":"https:\/\/www.aphasiques44.fr\/index.php?rest_route=\/wp\/v2\/types\/page"}],"author":[{"embeddable":true,"href":"https:\/\/www.aphasiques44.fr\/index.php?rest_route=\/wp\/v2\/users\/1034"}],"replies":[{"embeddable":true,"href":"https:\/\/www.aphasiques44.fr\/index.php?rest_route=%2Fwp%2Fv2%2Fcomments&post=980"}],"version-history":[{"count":5,"href":"https:\/\/www.aphasiques44.fr\/index.php?rest_route=\/wp\/v2\/pages\/980\/revisions"}],"predecessor-version":[{"id":995,"href":"https:\/\/www.aphasiques44.fr\/index.php?rest_route=\/wp\/v2\/pages\/980\/revisions\/995"}],"wp:attachment":[{"href":"https:\/\/www.aphasiques44.fr\/index.php?rest_route=%2Fwp%2Fv2%2Fmedia&parent=980"}],"curies":[{"name":"wp","href":"https:\/\/api.w.org\/{rel}","templated":true}]}}