{"id":983,"date":"2025-10-19T11:19:53","date_gmt":"2025-10-19T09:19:53","guid":{"rendered":"https:\/\/www.aphasiques44.fr\/?page_id=983"},"modified":"2025-10-22T15:48:16","modified_gmt":"2025-10-22T13:48:16","slug":"dons","status":"publish","type":"page","link":"https:\/\/www.aphasiques44.fr\/?page_id=983","title":{"rendered":"Don"},"content":{"rendered":"\n<h3 class=\"wp-block-heading\"><strong>Nous avons besoin de votre soutien<\/strong><\/h3>\n\n\n\n<pre class=\"wp-block-verse\">Pour faire perdurer nos actions en faveur des personnes aphasiques et de leurs aidants, nous avons besoin de vous.<\/pre>\n\n\n\n<pre class=\"wp-block-verse\">Chaque don,<strong> ouvrant droit \u00e0 une r\u00e9duction d'imp\u00f4t sur le revenu \u00e9gale \u00e0\u00a066\u00a0% du montant vers\u00e9, dans la limite de 20 % du revenu imposable<\/strong>, contribue \u00e0 briser leur isolement, \u00e0 sensibiliser le grand public et \u00e0 soutenir les projets men\u00e9s partout en France : groupes de parole, ateliers de communication, formations, \u00e9v\u00e9nements culturels et sportifs, journ\u00e9es de pr\u00e9vention AVC\u2026<br><br>Gr\u00e2ce \u00e0 votre g\u00e9n\u00e9rosit\u00e9, nous pouvons continuer \u00e0 d\u00e9fendre le droit \u00e0 la communication, favoriser l\u2019inclusion sociale et am\u00e9liorer la qualit\u00e9 de vie des personnes concern\u00e9es par l\u2019aphasie.<\/pre>\n\n\n\n<pre class=\"wp-block-verse\"><strong>Ensemble, donnons une voix \u00e0 celles et ceux qui ont perdu les mots.<\/strong><\/pre>\n\n\n\n<div data-wp-interactive=\"core\/file\" class=\"wp-block-file\"><object data-wp-bind--hidden=\"!state.hasPdfPreview\" hidden class=\"wp-block-file__embed\" data=\"https:\/\/www.aphasiques44.fr\/wp-content\/uploads\/2025\/10\/Donateur-pour-LAssociation-Aphasique-44.pdf\" type=\"application\/pdf\" style=\"width:100%;height:600px\" aria-label=\"Contenu embarqu\u00e9 Donateur pour L&apos;Association Aphasique 44.\"><\/object><a id=\"wp-block-file--media-aa25371e-5091-4a20-8556-321900361989\" href=\"https:\/\/www.aphasiques44.fr\/wp-content\/uploads\/2025\/10\/Donateur-pour-LAssociation-Aphasique-44.pdf\">Donateur pour L&rsquo;Association Aphasique 44<\/a><a href=\"https:\/\/www.aphasiques44.fr\/wp-content\/uploads\/2025\/10\/Donateur-pour-LAssociation-Aphasique-44.pdf\" class=\"wp-block-file__button wp-element-button\" download aria-describedby=\"wp-block-file--media-aa25371e-5091-4a20-8556-321900361989\">T\u00e9l\u00e9charger<\/a><\/div>\n\n\n\n<p><\/p>\n","protected":false},"excerpt":{"rendered":"<p>Nous avons besoin de votre soutien Pour faire perdurer nos actions en faveur des personnes aphasiques et de leurs aidants, nous avons besoin de vous. Chaque don, ouvrant droit \u00e0 &hellip; <a href=\"https:\/\/www.aphasiques44.fr\/?page_id=983\" class=\"more-link\">Lire la suite de <span class=\"screen-reader-text\">Don<\/span><\/a><\/p>\n","protected":false},"author":1034,"featured_media":0,"parent":0,"menu_order":0,"comment_status":"closed","ping_status":"closed","template":"","meta":{"_price":"","_stock":"","_tribe_ticket_header":"","_tribe_default_ticket_provider":"","_tribe_ticket_capacity":"0","_ticket_start_date":"","_ticket_end_date":"","_tribe_ticket_show_description":"","_tribe_ticket_show_not_going":false,"_tribe_ticket_use_global_stock":"","_tribe_ticket_global_stock_level":"","_global_stock_mode":"","_global_stock_cap":"","_tribe_rsvp_for_event":"","_tribe_ticket_going_count":"","_tribe_ticket_not_going_count":"","_tribe_tickets_list":"[]","_tribe_ticket_has_attendee_info_fields":false,"footnotes":"","_tec_slr_enabled":"","_tec_slr_layout":""},"class_list":["post-983","page","type-page","status-publish","hentry","no-featured-image"],"ticketed":false,"_links":{"self":[{"href":"https:\/\/www.aphasiques44.fr\/index.php?rest_route=\/wp\/v2\/pages\/983","targetHints":{"allow":["GET"]}}],"collection":[{"href":"https:\/\/www.aphasiques44.fr\/index.php?rest_route=\/wp\/v2\/pages"}],"about":[{"href":"https:\/\/www.aphasiques44.fr\/index.php?rest_route=\/wp\/v2\/types\/page"}],"author":[{"embeddable":true,"href":"https:\/\/www.aphasiques44.fr\/index.php?rest_route=\/wp\/v2\/users\/1034"}],"replies":[{"embeddable":true,"href":"https:\/\/www.aphasiques44.fr\/index.php?rest_route=%2Fwp%2Fv2%2Fcomments&post=983"}],"version-history":[{"count":5,"href":"https:\/\/www.aphasiques44.fr\/index.php?rest_route=\/wp\/v2\/pages\/983\/revisions"}],"predecessor-version":[{"id":1046,"href":"https:\/\/www.aphasiques44.fr\/index.php?rest_route=\/wp\/v2\/pages\/983\/revisions\/1046"}],"wp:attachment":[{"href":"https:\/\/www.aphasiques44.fr\/index.php?rest_route=%2Fwp%2Fv2%2Fmedia&parent=983"}],"curies":[{"name":"wp","href":"https:\/\/api.w.org\/{rel}","templated":true}]}}